{"id":767,"date":"2011-05-30T08:38:32","date_gmt":"2011-05-30T08:38:32","guid":{"rendered":"https:\/\/www.nestosplus.gr\/index2.php\/?page_id=767"},"modified":"2011-07-18T11:50:45","modified_gmt":"2011-07-18T11:50:45","slug":"trekking","status":"publish","type":"page","link":"https:\/\/www.nestosplus.gr\/index2.php\/aktivitaten\/trekking\/?lang=de","title":{"rendered":"Trekking"},"content":{"rendered":"<p><strong>Organisierte Bergwanderung<\/strong><\/p>\n<p>Auf eine st\u00e4ndig nach unten gehenden Weg, von der \u201eKamila\u201c-Spitze bis Galani, k\u00f6nnen Sie den Fu\u00dfpfad, der vor vielen Jahren mit Steinen gebaut wurde und bis heute ohne die kleinste \u00c4nderung gerettet wurde, kennen lernen. Die sonderbar lange Strecke verbindet den Berg \u00fcber dem Nestos-Fluss und die verlassenen D\u00f6rfer mit dem Flussbett und ist das ganze Jahr vom Sonnenaufgang bis Sonnenuntergang zug\u00e4nglich. Die Strecke ist ca. 18,5 cm lang, die ersten 6 Km sind Waldweg und die restlichen 12,5 Km sind ein Pfad durch Busche und des Flusses entlang.<\/p>\n<p>Mit etwas Gl\u00fcck k\u00f6nnen sie sogar die Herde von wilden Pferden, die seit vielen Jahren hier leben. Sie sollten ihre Videokamera dabei fertig halten, weil die wilden Pferde nicht ber\u00fchmt \u00fcber ihre Posierungstendenzen sind!<\/p>\n<ul class=\"list red big_bullet\">\n<li><strong><a title=\"\u0393\u0395\u039d\u0399\u039a\u039f\u0399 \u039f\u03a1\u039f\u0399 \u03a3\u03a5\u039c\u039c\u0395\u03a4\u039f\u03a7\u0397\u03a3\" href=\"https:\/\/www.nestosplus.gr\/index2.php\/?page_id=782&amp;lang=de\">Lesen Sie die allgemeinen Teilnahmebedingungen<\/a><\/strong><\/li>\n<\/ul>\n","protected":false},"excerpt":{"rendered":"<p>Organisierte Bergwanderung Auf eine st\u00e4ndig nach unten gehenden Weg, von der \u201eKamila\u201c-Spitze bis Galani, k\u00f6nnen Sie den Fu\u00dfpfad, der vor vielen Jahren mit Steinen gebaut wurde und bis heute ohne die kleinste \u00c4nderung gerettet wurde, kennen lernen. Die sonderbar lange Strecke verbindet den Berg \u00fcber dem Nestos-Fluss und die verlassenen D\u00f6rfer mit dem Flussbett und [&hellip;]<\/p>\n","protected":false},"author":1,"featured_media":0,"parent":745,"menu_order":5,"comment_status":"open","ping_status":"open","template":"page-gallery.php","meta":[],"aioseo_notices":[],"_links":{"self":[{"href":"https:\/\/www.nestosplus.gr\/index2.php\/wp-json\/wp\/v2\/pages\/767"}],"collection":[{"href":"https:\/\/www.nestosplus.gr\/index2.php\/wp-json\/wp\/v2\/pages"}],"about":[{"href":"https:\/\/www.nestosplus.gr\/index2.php\/wp-json\/wp\/v2\/types\/page"}],"author":[{"embeddable":true,"href":"https:\/\/www.nestosplus.gr\/index2.php\/wp-json\/wp\/v2\/users\/1"}],"replies":[{"embeddable":true,"href":"https:\/\/www.nestosplus.gr\/index2.php\/wp-json\/wp\/v2\/comments?post=767"}],"version-history":[{"count":3,"href":"https:\/\/www.nestosplus.gr\/index2.php\/wp-json\/wp\/v2\/pages\/767\/revisions"}],"predecessor-version":[{"id":1135,"href":"https:\/\/www.nestosplus.gr\/index2.php\/wp-json\/wp\/v2\/pages\/767\/revisions\/1135"}],"up":[{"embeddable":true,"href":"https:\/\/www.nestosplus.gr\/index2.php\/wp-json\/wp\/v2\/pages\/745"}],"wp:attachment":[{"href":"https:\/\/www.nestosplus.gr\/index2.php\/wp-json\/wp\/v2\/media?parent=767"}],"curies":[{"name":"wp","href":"https:\/\/api.w.org\/{rel}","templated":true}]}}