{"id":763,"date":"2011-05-30T08:28:10","date_gmt":"2011-05-30T08:28:10","guid":{"rendered":"https:\/\/www.nestosplus.gr\/index2.php\/?page_id=763"},"modified":"2011-07-18T11:42:47","modified_gmt":"2011-07-18T11:42:47","slug":"bike","status":"publish","type":"page","link":"https:\/\/www.nestosplus.gr\/index2.php\/aktivitaten\/bike\/?lang=de","title":{"rendered":"Mountain Bike"},"content":{"rendered":"<p><strong>Rad fahren entlang Nestos<\/strong><\/p>\n<p>Der Fluss Nestos befindet sich an der s\u00fcdlichen Grenze der Pr\u00e4fekturen von Kavala und Xanthi. Dort befindet sich einer der wichtigsten Lebensra\u00fcme des Landes und Europa wegen seines gro\u00dfen Abwechslungsreichtums. Der Fluss hat verschiedene Lebensr\u00e4ume geschaffen, wo verschiedene und einzigartige Arten von Flora und Fauna untergebracht werden.<\/p>\n<p>Unsere Route f\u00e4ngt im Informationszentrum des Nestos-Deltas in Keramoti an und danach n\u00e4hern wir das Delta und die Feuchtgebiete durch den Weg des Flusses entlang. Das ist ein idealer Platz f\u00fcr einen Zwischenhalt um den<\/p>\n<p>Reichtum des wilden Lebens einzusch\u00e4tzen. Unsere Fahrt geht entweder durchs Meer mit Canoe oder mit einem Besuch an den Lagunen und Str\u00e4nden von Keramoti weiter.<\/p>\n<ul class=\"list red big_bullet\">\n<li><strong><a title=\"\u0393\u0395\u039d\u0399\u039a\u039f\u0399 \u039f\u03a1\u039f\u0399 \u03a3\u03a5\u039c\u039c\u0395\u03a4\u039f\u03a7\u0397\u03a3\" href=\"https:\/\/www.nestosplus.gr\/index2.php\/?page_id=782&amp;lang=de\">Lesen Sie die allgemeinen Teilnahmebedingungen<\/a><\/strong><\/li>\n<\/ul>\n","protected":false},"excerpt":{"rendered":"<p>Rad fahren entlang Nestos Der Fluss Nestos befindet sich an der s\u00fcdlichen Grenze der Pr\u00e4fekturen von Kavala und Xanthi. Dort befindet sich einer der wichtigsten Lebensra\u00fcme des Landes und Europa wegen seines gro\u00dfen Abwechslungsreichtums. Der Fluss hat verschiedene Lebensr\u00e4ume geschaffen, wo verschiedene und einzigartige Arten von Flora und Fauna untergebracht werden. Unsere Route f\u00e4ngt im [&hellip;]<\/p>\n","protected":false},"author":1,"featured_media":0,"parent":745,"menu_order":4,"comment_status":"open","ping_status":"open","template":"page-gallery.php","meta":[],"aioseo_notices":[],"_links":{"self":[{"href":"https:\/\/www.nestosplus.gr\/index2.php\/wp-json\/wp\/v2\/pages\/763"}],"collection":[{"href":"https:\/\/www.nestosplus.gr\/index2.php\/wp-json\/wp\/v2\/pages"}],"about":[{"href":"https:\/\/www.nestosplus.gr\/index2.php\/wp-json\/wp\/v2\/types\/page"}],"author":[{"embeddable":true,"href":"https:\/\/www.nestosplus.gr\/index2.php\/wp-json\/wp\/v2\/users\/1"}],"replies":[{"embeddable":true,"href":"https:\/\/www.nestosplus.gr\/index2.php\/wp-json\/wp\/v2\/comments?post=763"}],"version-history":[{"count":7,"href":"https:\/\/www.nestosplus.gr\/index2.php\/wp-json\/wp\/v2\/pages\/763\/revisions"}],"predecessor-version":[{"id":1100,"href":"https:\/\/www.nestosplus.gr\/index2.php\/wp-json\/wp\/v2\/pages\/763\/revisions\/1100"}],"up":[{"embeddable":true,"href":"https:\/\/www.nestosplus.gr\/index2.php\/wp-json\/wp\/v2\/pages\/745"}],"wp:attachment":[{"href":"https:\/\/www.nestosplus.gr\/index2.php\/wp-json\/wp\/v2\/media?parent=763"}],"curies":[{"name":"wp","href":"https:\/\/api.w.org\/{rel}","templated":true}]}}