{"id":759,"date":"2011-05-30T08:24:45","date_gmt":"2011-05-30T08:24:45","guid":{"rendered":"https:\/\/www.nestosplus.gr\/index2.php\/?page_id=759"},"modified":"2011-07-18T11:37:03","modified_gmt":"2011-07-18T11:37:03","slug":"4x4","status":"publish","type":"page","link":"https:\/\/www.nestosplus.gr\/index2.php\/aktivitaten\/4x4\/?lang=de","title":{"rendered":"4&#215;4"},"content":{"rendered":"<p>\u039frganisierte Touren durch die gebirgigen Gegenden der Pr\u00e4fekturen von Kavala, Drama, Xanthi und Thasos mit ihrem oder unserem Gel\u00e4ndewagen, auf Strecken von unglaublicher nat\u00fcrlicher Sch\u00f6nheit.<\/p>\n<p>Sie k\u00f6nnen die lokalen Bergd\u00f6rfer besuchen und kennen lernen, und durch W\u00e4lder, Bergspitzen, B\u00e4che, Schluchten sowie unter Bogenbr\u00fccken wandern, immer unter unserer sicheren Anf\u00fchrung zu einem wirklich dynamischen Crescendo von Tausch von Bildern und Erfahrungen im ganzen Jahr und zu jeder Jahreszeit!!!<\/p>\n<p>Die Touren sind jedes Mal so organisiert, dass sie Ihren pers\u00f6nlichen W\u00fcnschen entsprechen. Es gibt immer die M\u00f6glichkeit der Anreicherung unserer Ausfl\u00fcge mit weiteren Aktivit\u00e4ten, wie z.B. Bogenschie\u00dfen, Klettern, Fernbeobachtung usw.<\/p>\n<p>\u0391h\u2026und Sie sollten Ihren F\u00fchrerschein nicht vergessen!<\/p>\n<ul class=\"list red big_bullet\">\n<li><strong><a title=\"\u0393\u0395\u039d\u0399\u039a\u039f\u0399 \u039f\u03a1\u039f\u0399 \u03a3\u03a5\u039c\u039c\u0395\u03a4\u039f\u03a7\u0397\u03a3\" href=\"https:\/\/www.nestosplus.gr\/index2.php\/?page_id=782&amp;lang=de\">Lesen Sie die allgemeinen Teilnahmebedingungen<\/a><\/strong><\/li>\n<\/ul>\n","protected":false},"excerpt":{"rendered":"<p>\u039frganisierte Touren durch die gebirgigen Gegenden der Pr\u00e4fekturen von Kavala, Drama, Xanthi und Thasos mit ihrem oder unserem Gel\u00e4ndewagen, auf Strecken von unglaublicher nat\u00fcrlicher Sch\u00f6nheit. Sie k\u00f6nnen die lokalen Bergd\u00f6rfer besuchen und kennen lernen, und durch W\u00e4lder, Bergspitzen, B\u00e4che, Schluchten sowie unter Bogenbr\u00fccken wandern, immer unter unserer sicheren Anf\u00fchrung zu einem wirklich dynamischen Crescendo von [&hellip;]<\/p>\n","protected":false},"author":1,"featured_media":0,"parent":745,"menu_order":3,"comment_status":"open","ping_status":"open","template":"page-gallery.php","meta":[],"aioseo_notices":[],"_links":{"self":[{"href":"https:\/\/www.nestosplus.gr\/index2.php\/wp-json\/wp\/v2\/pages\/759"}],"collection":[{"href":"https:\/\/www.nestosplus.gr\/index2.php\/wp-json\/wp\/v2\/pages"}],"about":[{"href":"https:\/\/www.nestosplus.gr\/index2.php\/wp-json\/wp\/v2\/types\/page"}],"author":[{"embeddable":true,"href":"https:\/\/www.nestosplus.gr\/index2.php\/wp-json\/wp\/v2\/users\/1"}],"replies":[{"embeddable":true,"href":"https:\/\/www.nestosplus.gr\/index2.php\/wp-json\/wp\/v2\/comments?post=759"}],"version-history":[{"count":5,"href":"https:\/\/www.nestosplus.gr\/index2.php\/wp-json\/wp\/v2\/pages\/759\/revisions"}],"predecessor-version":[{"id":1042,"href":"https:\/\/www.nestosplus.gr\/index2.php\/wp-json\/wp\/v2\/pages\/759\/revisions\/1042"}],"up":[{"embeddable":true,"href":"https:\/\/www.nestosplus.gr\/index2.php\/wp-json\/wp\/v2\/pages\/745"}],"wp:attachment":[{"href":"https:\/\/www.nestosplus.gr\/index2.php\/wp-json\/wp\/v2\/media?parent=759"}],"curies":[{"name":"wp","href":"https:\/\/api.w.org\/{rel}","templated":true}]}}