{"id":749,"date":"2011-05-30T08:17:32","date_gmt":"2011-05-30T08:17:32","guid":{"rendered":"https:\/\/www.nestosplus.gr\/index2.php\/?page_id=749"},"modified":"2011-07-18T10:54:40","modified_gmt":"2011-07-18T10:54:40","slug":"kanu","status":"publish","type":"page","link":"https:\/\/www.nestosplus.gr\/index2.php\/aktivitaten\/kanu\/?lang=de","title":{"rendered":"Kanu"},"content":{"rendered":"<p><strong>Canoe: das Flagschiff unserer Aktivit\u00e4ten<\/strong><\/p>\n<p>Nestos geh\u00f6rt zu den gr\u00f6\u00dften Fl\u00fcssen Griechenlands und m\u00fcndet gegen\u00fcber Thasos, ins thrakische Meer.<br \/>\nDie sch\u00f6nste Wahl f\u00fcr Sie ist die 20 Km des Flusses durch die Schlucht ausschlie\u00dflich mit einem Canoe zu bewundern!<br \/>\nHier \u00fcberleben seit Jahrhunderten viele seltenen Flora- und Faunarten. Geier, Adler und Falken fliegen \u00fcber die Felsen und hier gedeihen einzigartige Pflanzen, die sich nur am Nestos befinden.<br \/>\nEin ganzer Tag in der Schlucht mit Canoe, dies ist f\u00fcr jedes Alter geeignet.<\/p>\n<ul class=\"list red big_bullet\">\n<li><strong><a title=\"\u0393\u0395\u039d\u0399\u039a\u039f\u0399 \u039f\u03a1\u039f\u0399 \u03a3\u03a5\u039c\u039c\u0395\u03a4\u039f\u03a7\u0397\u03a3\" href=\"https:\/\/www.nestosplus.gr\/index2.php\/?page_id=782&amp;lang=de\">Lesen Sie die allgemeinen Teilnahmebedingungen<\/a><\/strong><\/li>\n<\/ul>\n","protected":false},"excerpt":{"rendered":"<p>Canoe: das Flagschiff unserer Aktivit\u00e4ten Nestos geh\u00f6rt zu den gr\u00f6\u00dften Fl\u00fcssen Griechenlands und m\u00fcndet gegen\u00fcber Thasos, ins thrakische Meer. Die sch\u00f6nste Wahl f\u00fcr Sie ist die 20 Km des Flusses durch die Schlucht ausschlie\u00dflich mit einem Canoe zu bewundern! Hier \u00fcberleben seit Jahrhunderten viele seltenen Flora- und Faunarten. Geier, Adler und Falken fliegen \u00fcber die [&hellip;]<\/p>\n","protected":false},"author":1,"featured_media":0,"parent":745,"menu_order":1,"comment_status":"open","ping_status":"open","template":"page-gallery.php","meta":[],"aioseo_notices":[],"_links":{"self":[{"href":"https:\/\/www.nestosplus.gr\/index2.php\/wp-json\/wp\/v2\/pages\/749"}],"collection":[{"href":"https:\/\/www.nestosplus.gr\/index2.php\/wp-json\/wp\/v2\/pages"}],"about":[{"href":"https:\/\/www.nestosplus.gr\/index2.php\/wp-json\/wp\/v2\/types\/page"}],"author":[{"embeddable":true,"href":"https:\/\/www.nestosplus.gr\/index2.php\/wp-json\/wp\/v2\/users\/1"}],"replies":[{"embeddable":true,"href":"https:\/\/www.nestosplus.gr\/index2.php\/wp-json\/wp\/v2\/comments?post=749"}],"version-history":[{"count":7,"href":"https:\/\/www.nestosplus.gr\/index2.php\/wp-json\/wp\/v2\/pages\/749\/revisions"}],"predecessor-version":[{"id":1066,"href":"https:\/\/www.nestosplus.gr\/index2.php\/wp-json\/wp\/v2\/pages\/749\/revisions\/1066"}],"up":[{"embeddable":true,"href":"https:\/\/www.nestosplus.gr\/index2.php\/wp-json\/wp\/v2\/pages\/745"}],"wp:attachment":[{"href":"https:\/\/www.nestosplus.gr\/index2.php\/wp-json\/wp\/v2\/media?parent=749"}],"curies":[{"name":"wp","href":"https:\/\/api.w.org\/{rel}","templated":true}]}}