{"id":741,"date":"2011-05-30T08:09:12","date_gmt":"2011-05-30T08:09:12","guid":{"rendered":"https:\/\/www.nestosplus.gr\/index2.php\/?page_id=741"},"modified":"2011-07-17T10:38:46","modified_gmt":"2011-07-17T10:38:46","slug":"startseite","status":"publish","type":"page","link":"https:\/\/www.nestosplus.gr\/index2.php\/startseite\/?lang=de","title":{"rendered":"Startseite"},"content":{"rendered":"<div class=\"one_third\">\n<h4>Canoe: das Flagschiff unserer Aktivit\u00e4ten<\/h4>\n<p><img decoding=\"async\" loading=\"lazy\" src=\"http:\/\/www.nestosplus.gr\/wp-content\/uploads\/2011\/02\/pic1.png\" alt=\"\" title=\"pic1\" width=\"80\" height=\"77\" class=\"alignleft size-full wp-image-609\" srcset=\"https:\/\/www.nestosplus.gr\/wp-content\/uploads\/2011\/02\/pic1.png 80w, https:\/\/www.nestosplus.gr\/wp-content\/uploads\/2011\/02\/pic1-40x40.png 40w\" sizes=\"(max-width: 80px) 100vw, 80px\" \/>Nestos geh\u00f6rt zu den gr\u00f6\u00dften Fl\u00fcssen Griechenlands und m\u00fcndet gegen\u00fcber Thasos, ins thrakische Meer&#8230;<br \/>\n<a class=\"more\" href=\"https:\/\/www.nestosplus.gr\/index2.php\/?page_id=749&#038;lang=de\">Lesen Sie mehr&#8230;<\/a>\n<\/div>\n<div class=\"one_third\">\n<h4>4&#215;4: Organisierte Touren in gebirgigen Gegenden<\/h4>\n<p><img decoding=\"async\" loading=\"lazy\" src=\"http:\/\/www.nestosplus.gr\/wp-content\/uploads\/2011\/02\/pic2.png\" alt=\"\" title=\"pic1\" width=\"80\" height=\"77\" class=\"alignleft size-full wp-image-609\" \/>\u039frganisierte Touren durch die gebirgigen Gegenden der Pr\u00e4fekturen von Kavala, Drama, Xanthi und Thasos mit ihrem oder unserem Gel\u00e4ndewagen&#8230;<br \/>\n<a class=\"more\" href=\"https:\/\/www.nestosplus.gr\/index2.php\/?page_id=759&#038;lang=de\">Lesen Sie mehr&#8230;<\/a>\n<\/div>\n<div class=\"one_third_last\">\n<h4>Reiten: 1 Stunde bis zu einem ganzen Tag<\/h4>\n<p><img decoding=\"async\" loading=\"lazy\" src=\"http:\/\/www.nestosplus.gr\/wp-content\/uploads\/2011\/02\/pic3.png\" alt=\"\" title=\"pic1\" width=\"80\" height=\"77\" class=\"alignleft size-full wp-image-609\" \/>Wir fahren mit dem Zug von Toxotes ab und in wenigen Minuten sind wir auf der Hochebene von Stavroupoli in einem ausgezeichnet organisierten Platz f\u00fcr die Pferde- und Naturschw\u00e4rmer&#8230;<br \/>\n<a class=\"more\" href=\"https:\/\/www.nestosplus.gr\/index2.php\/?page_id=754&#038;lang=de\">Lesen Sie mehr&#8230;<\/a>\n<\/div>\n","protected":false},"excerpt":{"rendered":"<p>Canoe: das Flagschiff unserer Aktivit\u00e4ten Nestos geh\u00f6rt zu den gr\u00f6\u00dften Fl\u00fcssen Griechenlands und m\u00fcndet gegen\u00fcber Thasos, ins thrakische Meer&#8230; Lesen Sie mehr&#8230; 4&#215;4: Organisierte Touren in gebirgigen Gegenden \u039frganisierte Touren durch die gebirgigen Gegenden der Pr\u00e4fekturen von Kavala, Drama, Xanthi und Thasos mit ihrem oder unserem Gel\u00e4ndewagen&#8230; Lesen Sie mehr&#8230; Reiten: 1 Stunde bis zu [&hellip;]<\/p>\n","protected":false},"author":1,"featured_media":0,"parent":0,"menu_order":0,"comment_status":"open","ping_status":"open","template":"page-home.php","meta":[],"aioseo_notices":[],"_links":{"self":[{"href":"https:\/\/www.nestosplus.gr\/index2.php\/wp-json\/wp\/v2\/pages\/741"}],"collection":[{"href":"https:\/\/www.nestosplus.gr\/index2.php\/wp-json\/wp\/v2\/pages"}],"about":[{"href":"https:\/\/www.nestosplus.gr\/index2.php\/wp-json\/wp\/v2\/types\/page"}],"author":[{"embeddable":true,"href":"https:\/\/www.nestosplus.gr\/index2.php\/wp-json\/wp\/v2\/users\/1"}],"replies":[{"embeddable":true,"href":"https:\/\/www.nestosplus.gr\/index2.php\/wp-json\/wp\/v2\/comments?post=741"}],"version-history":[{"count":4,"href":"https:\/\/www.nestosplus.gr\/index2.php\/wp-json\/wp\/v2\/pages\/741\/revisions"}],"predecessor-version":[{"id":1045,"href":"https:\/\/www.nestosplus.gr\/index2.php\/wp-json\/wp\/v2\/pages\/741\/revisions\/1045"}],"wp:attachment":[{"href":"https:\/\/www.nestosplus.gr\/index2.php\/wp-json\/wp\/v2\/media?parent=741"}],"curies":[{"name":"wp","href":"https:\/\/api.w.org\/{rel}","templated":true}]}}